{"id":47,"date":"2026-03-01T06:00:19","date_gmt":"2026-03-01T06:00:19","guid":{"rendered":"https:\/\/potenzshopdeutschland.net\/?post_type=product&#038;p=47"},"modified":"2026-03-01T09:14:48","modified_gmt":"2026-03-01T09:14:48","slug":"sildamax-100mg","status":"publish","type":"product","link":"https:\/\/potenzshopdeutschland.net\/?product=sildamax-100mg","title":{"rendered":"Sildamax 100mg"},"content":{"rendered":"<p>Ein beliebtes Medikament, das zur Gruppe der Typ-5-Hemmer geh\u00f6rt und auch als Ersatz f\u00fcr das ber\u00fchmte Viagra bekannt ist. Hilft bei erektiler Dysfunktion, hilft bei der Aufrechterhaltung der Erektion. Ein allgemein verwendetes Pr\u00e4parat zur Behandlung von Impotenzst\u00f6rungen bei M\u00e4nnern. Frauen sollten es nicht nehmen.<br \/>\nEs wird in Form von Tabletten in Blistern verkauft und enth\u00e4lt als Wirkstoff Sildenafil 100 mg.<\/p>\n<p>In einer Kapsel sind bis zu 100 mg des Mittels enthalten, das die Blutversorgung des Penis erleichtert, so dass die Erektion st\u00e4rker wird. W\u00e4hrend der sexuellen Erregung sendet das Gehirn ein Signal an die Nervenzellen im Penis, die die Funktion der glatten Muskulatur steuern. Diese verhindern normalerweise, dass Blut in die Arterien der Penish\u00f6hlen gelangt. Dann, nachdem sie Nervenzellen erhalten haben, beginnen die Nervenzellen Stickoxid auszuscheiden. Glatte Muskeln haben eine konstante Konzentration des Stoffes Guanosintriphosphat (GTP) und des Enzyms Guanosincyclase. Das Enzym wird durch Stickstoffmonoxid stimuliert, das von Nervenzellen produziert wird. Beim Erwachen wandelt dieses Enzym GTP in cGMP (cyclisches Guanosinmonophosphat) um. Dieser Prozess l\u00f6st eine Reihe von Penisver\u00e4nderungen aus und bewirkt deren Erektion. Sildenafil hemmt das Phosphodiesterase-Enzym. Aufgrund der Tatsache, dass Sildenafil im &#8222;Endstadium&#8220; des gesamten Prozesses wirkt, verursacht es keine sofortige Erregung und Erh\u00f6hung des Mitglieds, erfordert aber dennoch eine &#8222;normale&#8220; erotische Stimulation.<\/p>\n<p>Dank dieser Verwendung des Stoffes ahnt unser Partner nichts und die Qualit\u00e4t der Beziehung wird sich erheblich verbessern.<\/p>\n<p>&nbsp;<\/p>\n<p>In unserer Apotheke Kamagra.net.pl sind alle Medikamente 100% original mit guten langen Datteln und mit einer Packungsbeilage versehen. Wir importieren Arzneimittel seit 15 Jahren direkt von den Herstellern auf den polnischen Markt, daher erhalten Sie ein sicheres, originales und damit 100% sicheres Arzneimittel. Wir wissen jedoch auch, dass wir jeden Patienten einzeln versorgen m\u00fcssen, und empfehlen Ihnen daher, sich vor jeder Anwendung an uns zu wenden. Suchen Sie einen Arzt auf und lassen Sie sich beraten.Wir m\u00fcssen auch die Informationen auf der Verpackung und der Packungsbeilage beachten und vor allem f\u00fcr Kinder unzug\u00e4nglich aufbewahren.<\/p>\n","protected":false},"excerpt":{"rendered":"<p>Ein beliebtes Medikament, das zur Gruppe der Typ-5-Hemmer geh\u00f6rt und auch als Ersatz f\u00fcr das ber\u00fchmte Viagra bekannt ist. Hilft bei erektiler Dysfunktion, hilft bei der Aufrechterhaltung der Erektion. Ein allgemein verwendetes Pr\u00e4parat zur Behandlung von Impotenzst\u00f6rungen bei M\u00e4nnern. Frauen sollten es nicht nehmen. Es wird in Form von Tabletten in Blistern verkauft und enth\u00e4lt [&hellip;]<\/p>\n","protected":false},"featured_media":48,"template":"","meta":[],"product_brand":[],"product_cat":[15],"product_tag":[],"class_list":{"0":"post-47","1":"product","2":"type-product","3":"status-publish","4":"has-post-thumbnail","6":"product_cat-uncategorized","8":"first","9":"instock","10":"shipping-taxable","11":"purchasable","12":"product-type-simple"},"tiered_pricing_type":"fixed","tiered_pricing_fixed_rules":{"2":13.49,"4":11.99,"8":8.99},"tiered_pricing_product_settings":{"layout":"default","base_unit_name":{"singular":null,"plural":null},"default_variation":null},"tiered_pricing_minimum_quantity":null,"tiered_pricing_roles_data":[],"tiered_pricing_percentage_rules":[],"_links":{"self":[{"href":"https:\/\/potenzshopdeutschland.net\/index.php?rest_route=\/wp\/v2\/product\/47","targetHints":{"allow":["GET"]}}],"collection":[{"href":"https:\/\/potenzshopdeutschland.net\/index.php?rest_route=\/wp\/v2\/product"}],"about":[{"href":"https:\/\/potenzshopdeutschland.net\/index.php?rest_route=\/wp\/v2\/types\/product"}],"wp:featuredmedia":[{"embeddable":true,"href":"https:\/\/potenzshopdeutschland.net\/index.php?rest_route=\/wp\/v2\/media\/48"}],"wp:attachment":[{"href":"https:\/\/potenzshopdeutschland.net\/index.php?rest_route=%2Fwp%2Fv2%2Fmedia&parent=47"}],"wp:term":[{"taxonomy":"product_brand","embeddable":true,"href":"https:\/\/potenzshopdeutschland.net\/index.php?rest_route=%2Fwp%2Fv2%2Fproduct_brand&post=47"},{"taxonomy":"product_cat","embeddable":true,"href":"https:\/\/potenzshopdeutschland.net\/index.php?rest_route=%2Fwp%2Fv2%2Fproduct_cat&post=47"},{"taxonomy":"product_tag","embeddable":true,"href":"https:\/\/potenzshopdeutschland.net\/index.php?rest_route=%2Fwp%2Fv2%2Fproduct_tag&post=47"}],"curies":[{"name":"wp","href":"https:\/\/api.w.org\/{rel}","templated":true}]}}