{"id":39,"date":"2026-03-01T05:54:25","date_gmt":"2026-03-01T05:54:25","guid":{"rendered":"https:\/\/potenzshopdeutschland.net\/?post_type=product&#038;p=39"},"modified":"2026-03-01T09:12:46","modified_gmt":"2026-03-01T09:12:46","slug":"kamagra-oral-jelly","status":"publish","type":"product","link":"https:\/\/potenzshopdeutschland.net\/?product=kamagra-oral-jelly","title":{"rendered":"Kamagra Oral Jelly"},"content":{"rendered":"<p>Kamagra Jelly ist ein Potenzgel mit dem gleichen Wirkstoff des Viagras, was dem Potenzgel den Beinamen als fl\u00fcssiges Viagra eingebracht hat. Erh\u00e4ltlich ist das fl\u00fcssige Kamagra in den Geschmacksrichtungen Vanille, Orange, Ananas, Banane, Erdbeere, Johannisbeere und Caramel.<\/p>\n<p>Das Gel sollte etwa 30 Minuten vor dem Geschlechtsverkehr eingenommen werden und kann pur, direkt aus dem Beutel verzehrt werden. Die Wirkungsdauer kann zwischen 4 und 6 Stunden anhalten. Durch sexuelle Reize sind in dieser Zeit mehrere, stabile Erektionen m\u00f6glich. Auch ein Orgasmus schr\u00e4nkt die Wirkung nicht ein, sodass eine enorme Steigerung der sexuellen Aktivit\u00e4t m\u00f6glich sein wird.<\/p>\n<p>Ein Beutel enth\u00e4lt 100mg des Wirkstoffs Sildenafil Citrate. Bei Bedarf k\u00f6nnen Sie auch nur einen halben Beutel einnehmen, den Rest k\u00f6nnen Sie f\u00fcr ein paar Tage im K\u00fchlschrank aufbewahren. Nehmen Sie aber niemals mehr, als einen Beutel pro Tag ein.<\/p>\n<p>Kamagra Oral Jelly online bestellen<br \/>\nArzneimittelinformation zum Kamagra Gel:<br \/>\nSie haben sich entschieden, Kamagra Oral Jelly g\u00fcnstig zu bestellen:<\/p>\n<p>Sie k\u00f6nnen zwischen 1 und 24 Packungen w\u00e4hlen. Jede Packung des Potenzmittels enth\u00e4lt 7 luftdicht versiegelte Sachets mit 7 verschieden Geschmacksrichtungen:<\/p>\n<p>Ananas;<br \/>\nOrange;<br \/>\nErdbeer;<br \/>\nVanille;<br \/>\nBanane;<br \/>\nJohannisbeere;<br \/>\nCaramel.<br \/>\nDer Inhaltstoff im Kamagra Gel Sildenafil Citrate (bekannt als Viagra Wirkstoff) zur oralen Einnahme, ist leicht vertr\u00e4glich in fl\u00fcssiger Form und f\u00e4ngt nach ca. 30 Minuten an zu wirken. Hier k\u00f6nnen Sie Kamagra Oral Jelly g\u00fcnstig kaufen sowie andere schnellwirkende Darreichungsformen von Kamagra, zum Beispiel Brausetabletten. Alle Medikamente in der Online-Apotheke k\u00f6nnen Sie ohne Rezept besorgen. Allerdings w\u00e4re es ratsam, einen Arzt aufzusuchen. Erst nach R\u00fccksprache mit dem Arzt und einer gr\u00fcndlichen Untersuchung sollen Potenzmittel eingenommen werden.<\/p>\n<p>Wie wirkt der Inhaltstoff?<br \/>\nSildenafil ist der Wirkstoff von Viagra und wird zur Behandlung von Impotenz (erektile Dysfunktion) eingesetzt.<\/p>\n<p>Die Ursachen von Impotenz k\u00f6nnen viele Gr\u00fcnde haben. Bei M\u00e4nnern ab 50 Jahren sind es meistens andere Erkrankungen wie Arteriosklerose oder Bluthochdruck. Dann ist die Impotenz ein wichtiges Fr\u00fchwarnzeichen f\u00fcr diese Erkrankungen. In etwa 20 Prozent der F\u00e4lle ist die Impotenz psychisch bedingt, besonders in der Altersgruppe ab 35 Jahren. Die Erektion des Penis beruht auf einem raschen Bluteinstrom in den Schwellk\u00f6rper. Dazu m\u00fcssen sich die Arterien erweitern. Dies ist nur m\u00f6glich, wenn die umliegende Muskulatur erschlafft.<\/p>\n<p>Bei sexueller Stimulation wird daher der Botenstoff Stickstoffmonoxid (NO) freigesetzt. Er aktiviert einen zweiten Botenstoff, das cGMP. Erst das cGMP l\u00e4sst die Muskelzellen im Schwellk\u00f6rper erschlaffen und erm\u00f6glicht damit den Bluteinstrom und die Erektion. Um die Erektion zu beenden, wird cGMP \u00fcber das Enzym Phosphodiesterase 5 (PDE-5) wieder abgebaut.<\/p>\n<p>Sildenafil ist ein PDE-5-Hemmer. Es blockiert das Enzym Phosphodiesterase 5. Dadurch bleibt mehr cGMP im Umlauf, die Muskelentspannung verst\u00e4rkt sich und die Erektion wird verbessert.<\/p>\n<p>Aufgrund dieses Mechanismus wirkt Viagras Wirkstoff Sildenafil nur bei sexuell erregten M\u00e4nnern. Es hat keine luststeigernde Wirkung und kann deshalb keine Erektion erzwingen.Sildenafil beeintr\u00e4chtigt die Spermienqualit\u00e4t nicht.<\/p>\n<p>Sildenafil Citrate ist eine M\u00f6glichkeit, Abhilfe gegen erektile Dysfunktion zu schaffen. Der Effekt tritt nur dann ein, wenn eine zufriedenstellende sexuelle Stimulation vorhanden ist.<\/p>\n<p>Dosierung:<br \/>\nKamagra sollte man etwa eine Stunde vor dem Geschlechtsverkehr einnehmen (kurz im Mund zergehen lassen), die Wirkung beginnt nach ca.30 Minuten und h\u00e4lt 4-6 Stunden an. Es w\u00e4re ratsam, das Potenzmittel auf n\u00fcchternen Magen einzunehmen, damit die Wirkung schneller eintritt. Alkohol und fettreiche Mahlzeiten verz\u00f6gern den Wirkungseintritt. Zudem verst\u00e4rkt der Alkohol Sildenafils Nebenwirkungen und verursacht (vor\u00fcbergehende) Erektionsst\u00f6rungen.<\/p>\n","protected":false},"excerpt":{"rendered":"<p>Kamagra Jelly ist ein Potenzgel mit dem gleichen Wirkstoff des Viagras, was dem Potenzgel den Beinamen als fl\u00fcssiges Viagra eingebracht hat. Erh\u00e4ltlich ist das fl\u00fcssige Kamagra in den Geschmacksrichtungen Vanille, Orange, Ananas, Banane, Erdbeere, Johannisbeere und Caramel. Das Gel sollte etwa 30 Minuten vor dem Geschlechtsverkehr eingenommen werden und kann pur, direkt aus dem Beutel [&hellip;]<\/p>\n","protected":false},"featured_media":40,"template":"","meta":[],"product_brand":[],"product_cat":[15],"product_tag":[],"class_list":{"0":"post-39","1":"product","2":"type-product","3":"status-publish","4":"has-post-thumbnail","6":"product_cat-uncategorized","8":"first","9":"instock","10":"shipping-taxable","11":"purchasable","12":"product-type-simple"},"tiered_pricing_type":"fixed","tiered_pricing_fixed_rules":{"2":13.59,"4":12.6,"8":11.02,"16":8.4},"tiered_pricing_product_settings":{"layout":"default","base_unit_name":{"singular":null,"plural":null},"default_variation":null},"tiered_pricing_minimum_quantity":null,"tiered_pricing_roles_data":[],"tiered_pricing_percentage_rules":[],"_links":{"self":[{"href":"https:\/\/potenzshopdeutschland.net\/index.php?rest_route=\/wp\/v2\/product\/39","targetHints":{"allow":["GET"]}}],"collection":[{"href":"https:\/\/potenzshopdeutschland.net\/index.php?rest_route=\/wp\/v2\/product"}],"about":[{"href":"https:\/\/potenzshopdeutschland.net\/index.php?rest_route=\/wp\/v2\/types\/product"}],"wp:featuredmedia":[{"embeddable":true,"href":"https:\/\/potenzshopdeutschland.net\/index.php?rest_route=\/wp\/v2\/media\/40"}],"wp:attachment":[{"href":"https:\/\/potenzshopdeutschland.net\/index.php?rest_route=%2Fwp%2Fv2%2Fmedia&parent=39"}],"wp:term":[{"taxonomy":"product_brand","embeddable":true,"href":"https:\/\/potenzshopdeutschland.net\/index.php?rest_route=%2Fwp%2Fv2%2Fproduct_brand&post=39"},{"taxonomy":"product_cat","embeddable":true,"href":"https:\/\/potenzshopdeutschland.net\/index.php?rest_route=%2Fwp%2Fv2%2Fproduct_cat&post=39"},{"taxonomy":"product_tag","embeddable":true,"href":"https:\/\/potenzshopdeutschland.net\/index.php?rest_route=%2Fwp%2Fv2%2Fproduct_tag&post=39"}],"curies":[{"name":"wp","href":"https:\/\/api.w.org\/{rel}","templated":true}]}}