{"id":37,"date":"2026-03-01T05:51:51","date_gmt":"2026-03-01T05:51:51","guid":{"rendered":"https:\/\/potenzshopdeutschland.net\/?post_type=product&#038;p=37"},"modified":"2026-03-01T09:55:34","modified_gmt":"2026-03-01T09:55:34","slug":"lovegra","status":"publish","type":"product","link":"https:\/\/potenzshopdeutschland.net\/?product=lovegra","title":{"rendered":"Lovegra f\u00fcr Frauen"},"content":{"rendered":"<p>Lovegra oder Womenra ist Viagra f\u00fcr Frauen<\/p>\n<p>W\u00e4hrend die M\u00e4nnerwelt nun schon seit Jahren von dem hochwirksamen Potenzmittel Viagra profitiert, steht Frauen mit Lovegra oder Womenra seit geraumer Zeit ebenfalls ein Hilfsmittel f\u00fcr ein erf\u00fcllteres und einfach besseres Sexleben parat. Jetzt kann jede Frau Lovegra kaufen und beim Geschlechtsverkehr mit dem Partner leichter Orgasmen erreichen.<\/p>\n<p>Lovegra enth\u00e4lt den gleichen Wirkstoff wie auch Viagra und sorgt auch bei Frauen f\u00fcr eine enorm erh\u00f6hte Durchblutung des Geschlechtsteils.<\/p>\n<p>Die Empfindungen im Vaginalbereich werden durch das Erektionsmittel extrem verst\u00e4rkt und k\u00f6nnen den Orgasmus bedeutend intensivieren. Besonders auch Frauen, die unter Orgasmusschwierigkeiten leiden, k\u00f6nnen den Sex mit Lovegra oder Womenra wieder in vollen Z\u00fcgen genie\u00dfen. Auch erm\u00f6glicht das Erektionsmittel f\u00fcr Frauen mehrere Orgasmen hintereinander zu erleben.<\/p>\n<p>Es handelt sich um ein identisches Produkt mit dem Wirkstoff Sildenafil Citrate. Obwohl hier Lovegra rezeptfrei erh\u00e4ltlich ist, muss die Anwenderin unbedingt den Arzt aufsuchen.<\/p>\n<p>Sie haben sich entschieden, Lovegra rezeptfrei zu bestellen \u2013 die \u201eViagra\u201c Pille f\u00fcr Frauen:<\/p>\n<p>Sie k\u00f6nnen Lovegra kaufen und zwischen 8 bis 40 Tabletten w\u00e4hlen. Selbstverst\u00e4ndlich erhalten Sie einen deutlich g\u00fcnstigeren Preis, wenn Sie mehr Tabletten Lovegra kaufen. Der Viagra-Inhaltstoff Sildenafil zur oralen Einnahme ist leicht vertr\u00e4glich und f\u00e4ngt nach ca. 30-45 Minuten an zu wirken.<\/p>\n<p>Er wird empfohlen nicht mehr als 1 Tablette am Tag einzunehmen. 50mg Sildenafil werden w\u00e4hrend der ersten Anwendung des Erektionsmittels empfohlen. Ihr Arzt soll Ihnen die Dosis anpassen. Ohne \u00e4rztliche Beratung wird es grunds\u00e4tzlich abgeraten, Lovega rezeptfrei einzunehmen. Suchen Sie unbedingt Ihren Arzt auf, bevor Sie Lovegra kaufen.<\/p>\n<p>Wie wirkt der Inhaltsstoff Sildenafil?<br \/>\nDas angebotene Erektionsmittel f\u00fcr Frauen ist ein wissenschaftlich erprobtes Medikament, das f\u00fcr die sexuelle Stimulierung der Frau entwickelt wurde. Die Tabletten erh\u00f6hen den Blutfluss im vaginalen Bereich f\u00fcr das Vergn\u00fcgen w\u00e4hrend des Geschlechtsverkehrs und beeinflussen positiv den Orgasmus. Die Wirkungsdauer dieses Produktes liegt bei 4-6 Stunden. M\u00f6chten Sie endlich st\u00e4rkere Orgasmen haben, dann m\u00fcssen Sie das Erektionsmittel Lovegra kaufen.<\/p>\n<p>Bei sexueller Stimulation wird der Botenstoff Stickstoffmonoxid (NO) freigesetzt. Er aktiviert einen zweiten Botenstoff, das cGMP. Erst das cGMP l\u00e4sst damit den Bluteinstrom in den Beckenbereich. Die Schamlippen der Anwenderin schwellen an, die Scheide wird feucht, was das Einf\u00fchren des m\u00e4nnlichen Gliedes leichter macht. Bei der sexuellen Stimulation erreicht jede Anwenderin einen Orgasmus oder mehrere schneller.<\/p>\n<p>Sildenafil ist ein PDE-5-Hemmer. Es blockiert das Enzym Phosphodiesterase 5. Dadurch bleibt mehr cGMP im Umlauf, die Muskelentspannung verst\u00e4rkt sich und die Durchblutung im Vaginalbereich wird verbessert.<\/p>\n<p>Frauenviagra ist eine M\u00f6glichkeit, Abhilfe gegen Orgasmusprobleme und andere sexuelle St\u00f6rungen zu schaffen. Jetzt k\u00f6nnen Sie f\u00fcr mehr Geschlechtsqualit\u00e4t Lovegra kaufen. Der Effekt tritt nur ein, wenn eine zufriedenstellende sexuelle Stimulation vorhanden ist.<\/p>\n","protected":false},"excerpt":{"rendered":"<p>Lovegra oder Womenra ist Viagra f\u00fcr Frauen W\u00e4hrend die M\u00e4nnerwelt nun schon seit Jahren von dem hochwirksamen Potenzmittel Viagra profitiert, steht Frauen mit Lovegra oder Womenra seit geraumer Zeit ebenfalls ein Hilfsmittel f\u00fcr ein erf\u00fcllteres und einfach besseres Sexleben parat. Jetzt kann jede Frau Lovegra kaufen und beim Geschlechtsverkehr mit dem Partner leichter Orgasmen erreichen. [&hellip;]<\/p>\n","protected":false},"featured_media":38,"template":"","meta":[],"product_brand":[],"product_cat":[15],"product_tag":[],"class_list":{"0":"post-37","1":"product","2":"type-product","3":"status-publish","4":"has-post-thumbnail","6":"product_cat-uncategorized","8":"first","9":"instock","10":"shipping-taxable","11":"purchasable","12":"product-type-simple"},"tiered_pricing_type":"fixed","tiered_pricing_fixed_rules":{"2":9.59,"4":8.99,"8":7.79},"tiered_pricing_product_settings":{"layout":"default","base_unit_name":{"singular":null,"plural":null},"default_variation":null},"tiered_pricing_minimum_quantity":null,"tiered_pricing_roles_data":[],"tiered_pricing_percentage_rules":[],"_links":{"self":[{"href":"https:\/\/potenzshopdeutschland.net\/index.php?rest_route=\/wp\/v2\/product\/37","targetHints":{"allow":["GET"]}}],"collection":[{"href":"https:\/\/potenzshopdeutschland.net\/index.php?rest_route=\/wp\/v2\/product"}],"about":[{"href":"https:\/\/potenzshopdeutschland.net\/index.php?rest_route=\/wp\/v2\/types\/product"}],"wp:featuredmedia":[{"embeddable":true,"href":"https:\/\/potenzshopdeutschland.net\/index.php?rest_route=\/wp\/v2\/media\/38"}],"wp:attachment":[{"href":"https:\/\/potenzshopdeutschland.net\/index.php?rest_route=%2Fwp%2Fv2%2Fmedia&parent=37"}],"wp:term":[{"taxonomy":"product_brand","embeddable":true,"href":"https:\/\/potenzshopdeutschland.net\/index.php?rest_route=%2Fwp%2Fv2%2Fproduct_brand&post=37"},{"taxonomy":"product_cat","embeddable":true,"href":"https:\/\/potenzshopdeutschland.net\/index.php?rest_route=%2Fwp%2Fv2%2Fproduct_cat&post=37"},{"taxonomy":"product_tag","embeddable":true,"href":"https:\/\/potenzshopdeutschland.net\/index.php?rest_route=%2Fwp%2Fv2%2Fproduct_tag&post=37"}],"curies":[{"name":"wp","href":"https:\/\/api.w.org\/{rel}","templated":true}]}}