{"id":35,"date":"2026-02-27T08:46:25","date_gmt":"2026-02-27T08:46:25","guid":{"rendered":"https:\/\/potenzshopdeutschland.net\/?post_type=product&#038;p=35"},"modified":"2026-03-01T09:20:02","modified_gmt":"2026-03-01T09:20:02","slug":"kamagra-polo","status":"publish","type":"product","link":"https:\/\/potenzshopdeutschland.net\/?product=kamagra-polo","title":{"rendered":"Kamagra Polo"},"content":{"rendered":"<p>Kamagra Polo ist ein universelles Potenzmittel, das f\u00fcr M\u00e4nner jeden Alters geeignet ist. Junge Leute werden die hohe Geschwindigkeit der Wirkung und die bequeme Verwendung des Medikaments sch\u00e4tzen. \u00c4ltere Bewohner der Deutschland, die an erektiler Dysfunktion leiden, k\u00f6nnen die Effizienz und niedrigste Wahrscheinlichkeit des Auftretens von Nebenwirkungen sch\u00e4tzen.<\/p>\n<p>Kamagra Polo bietet nicht nur die M\u00f6glichkeit, ein aktives Sexualleben zu f\u00fchren, sondern erh\u00f6ht auch seine Qualit\u00e4t. M\u00e4nner, die das Medikament verwenden, f\u00fchlen sich sicherer im Bett und haben mehr Spa\u00df. Nach dem Kauf von Kamagra Polo in der Deutschland, wird Sex Ihnen extrem positive Emotionen liefern.<\/p>\n<p>Gebrauchsanweisung f\u00fcr das Medikament Kamagra Polo:<br \/>\nWas ist Kamagra Polo?<\/p>\n<p>Kamagra Polo sticht unter den Analogien der urspr\u00fcnglichen Potenzpr\u00e4parate hervor. Generika wird in Form von Kautabletten ver\u00f6ffentlicht, was ihm viele Vorteile bringt:<\/p>\n<p>Sie m\u00fcssen nicht nach einem Glas Wasser suchen, um das Arzneimittel einzunehmen. Tabletten haben einen angenehmen Geschmack und l\u00f6sen sich schnell im Mund auf.<br \/>\nEs ist m\u00f6glich, das Medikament f\u00fcr die Potenz unmerklich f\u00fcr den Partner einzunehmen. Eigentlich f\u00fcr M\u00e4nner, die nicht \u00fcber ihre Probleme im Bett sprechen wollen.<br \/>\nKamagra Polo funktioniert sehr schnell. Der Effekt tritt in etwa 15 Minuten nach der Anwendung auf.<br \/>\nDie Zusammensetzung von Kamagra Polo umfasst einen Phosphodiesterase-5-Inhibitor Sildenafil. Derselbe Wirkstoff wird bei der Herstellung von Viagra Original verwendet. Beide Medikamente enthalten auch Magnesiumstearat, Croscarmellose-Natrium, Calciumhydrophosphat und andere Hilfskomponenten.<\/p>\n<p>Generika ist ein Geschenk f\u00fcr M\u00e4nner, die nicht f\u00fcr die Produkte ber\u00fchmter Marken zu viel bezahlen m\u00f6chten. Wenn Sie Kamagra Polo in der Deutschland bestellen, erhalten Sie ein qualitativ hochwertiges Medikament, um die Potenz zu einem erschwinglichen Preis zu erh\u00f6hen.<\/p>\n<p>Warum wird Kamagra Polo verschreiben?<\/p>\n<p>Die meisten M\u00e4nner, die in der Deutschland leben, haben nach 40 Jahren erstmals eine erektile Dysfunktion. In diesem Alter nimmt die nat\u00fcrliche Produktion von Testosteron ab und es gibt Probleme mit der Blutzirkulation. Ver\u00e4nderungen im K\u00f6rper, reduzieren die Qualit\u00e4t der Erektion.<\/p>\n<p>Kamagra Polo verbessert den sexuellen Ton. Das Medikament bietet das Aussehen einer starken Erektion und erm\u00f6glicht es Ihnen, sich wiederholt am Sex zu beteiligen. W\u00e4hrend das Medikament wirkt, k\u00f6nnen Sie keine Angst vor Misserfolgen im Bett haben.<\/p>\n<p>Kamagra Polo hilft, erektile Dysfunktion zu bew\u00e4ltigen, die aus den folgenden Gr\u00fcnden entstanden ist:<\/p>\n<p>Verengung des Lumens der Gef\u00e4\u00dfe, Atherosklerose;<br \/>\nDiabetes mellitus;<br \/>\nTrauma des Gehirns oder des R\u00fcckenmarks;<br \/>\nRauchen, regelm\u00e4\u00dfiger Alkoholkonsum;<br \/>\nEinnahme von Drogen und Medikamenten;<br \/>\n\u00dcbergewicht und andere.<br \/>\nIn Verbindung mit der Beratung durch einen Arzt ist Kamagra Polo zur Behandlung von psychogenen Erektionsst\u00f6rungen eingesetzt. Es ist normalerweise m\u00f6glich, eine nat\u00fcrliche Erektion in 4-6 Monaten wieder herzustellen.<\/p>\n<p>Hilfreicher Tipp: Sie k\u00f6nnen Kamagra Polo verwenden, auch wenn Sie nicht unter erektiler Dysfunktion leiden. Das Medikament hilft, eine schnellere Erektion nach dem Ende des Geschlechtsverkehrs zu erreichen. Nachdem Sie eine Pille genommen haben, k\u00f6nnen Sie mehrmals ohne Unterbrechung Sex haben.<\/p>\n<p>Anwendung und Dosierung von Kamagra Polo<\/p>\n<p>Die Wirksamkeit von Kamagra Polo erkl\u00e4rt sich durch den hohen Wirkstoffgehalt. Eine Kautablette enth\u00e4lt 100 mg Sildenafil. Dies ist die maximale Tagesdosis eines Arzneimittels, die nicht \u00fcberschritten werden darf.<\/p>\n<p>Sie sollten keine Schwierigkeiten haben, wenn Sie das Medikament f\u00fcr Potenz verwenden. 10-15 Minuten vor dem Sex, legen Sie die Pille in den Mund und warten Sie, bis es sich aufgel\u00f6st hat. Das Medikament beginnt fast sofort nach der Verabreichung zu wirken.<\/p>\n<p>Die Verwendung eines Medikaments gegen erektile Dysfunktion ist bequem und sicher, wenn Sie die Regeln befolgen:<\/p>\n<p>Essen Sie Grapefruit und Grapefruitsaft nicht innerhalb von 24 Stunden nach dem Gebrauch von Kamagra Polo.<br \/>\nKombinieren Sie keine Potenzmittel mit Ketoconazol, Cimetidin, Erythromycin, Calciumkanalblocker, Betablocker, und Medikamente, die Nitrate enthalten.<br \/>\nVerzichten Sie vor der Einnahme von Kamagra Polo auf fetthaltige Nahrungsmittel. Starke Verdauungsprodukte reduzieren die Geschwindigkeit des Medikaments.<br \/>\nKombinieren Sie Kamagra Polo nicht mit anderen Medikamenten, um die Potenz zu verbessern, die Phosphodiesterase-5-Hemmer enthalten.<br \/>\nMedikamente sollen nicht von Menschen getroffen werden, die von Herz-Kreislauf- Erkrankungen, Leberversagen, Deformation des Penis oder Allergie gegen Sildenafil leiden. Alle anderen k\u00f6nnen Kamagra Polo in der Deutschland kaufen, ohne Angst davor zu haben, ihre Gesundheit zu sch\u00e4digen.<\/p>\n<p>Guter Rat: Nehmen Sie nicht mehr als eine Kautablette gleichzeitig ein. Die \u00dcberschreitung der empfohlenen Dosis erh\u00f6ht die Wirksamkeit des Arzneimittels nicht, f\u00fchrt jedoch zu Nebenwirkungen. Wenn Sie versehentlich eine gro\u00dfe Anzahl von Kamagra Polo Tabletten eingenommen haben, wenden Sie sich an das Krankenhaus.<\/p>\n<p>Wie funktioniert Kamagra Polo?<\/p>\n<p>Kamagra Polo beginnt w\u00e4hrend einer nat\u00fcrlichen Stimulation zu wirken. Die Gef\u00e4\u00dfe, die zum Penis f\u00fchren, dehnen sich aus, was die Zirkulation beschleunigt. Wenn die Schwellk\u00f6rper des Penis mit Blut gef\u00fcllt sind, hat der Mann eine Erektion.<\/p>\n<p>Das Medikament unterst\u00fctzt die F\u00e4higkeit, Geschlechtsverkehr f\u00fcr 4-6 Stunden zu betreiben. Dann kehren die Symptome der erektilen Dysfunktion zur\u00fcck. Kamagra Polo bietet keine stabile therapeutische Wirkung und hilft nicht dabei, Probleme mit der Potenz loszuwerden.<\/p>\n<p>Die Verwendung eines Arzneimittels bietet eine gute Chance, eine Erektion wiederherzustellen. Bereitschaft zum Geschlechtsverkehr kann in 75-77% der F\u00e4lle erreicht werden. Regelm\u00e4\u00dfige Einnahme von Kautabletten erlaubt Ihnen, normale sexuelle Beziehungen ohne Gesundheitsrisiko aufrechtzuerhalten.<\/p>\n<p>Nebenwirkungen von Kamagra Polo<\/p>\n<p>Kamagra Polo ist gut absorbiert und verursacht selten eine negative Reaktion des K\u00f6rpers. Nebenwirkungen treten in etwa 10% der F\u00e4lle auf. Meistens gibt es Kopfschmerzen und Blutsp\u00fclungen im Gesicht, begleitet von einem Hitzegef\u00fchl. Weniger h\u00e4ufige Beschwerden sind Dyspepsie, verstopfte Nase, Schwindel, Schmerzen in den Muskeln, Ver\u00e4nderungen in der Farbwahrnehmung und verminderte visuelle Klarheit.<\/p>\n<p>In der Deutschland leiden 0,01% der M\u00e4nner nach der Anwendung von Kamagra Polo an Priapismus &#8211; einer anhaltenden unkontrollierten Erektion. Wenn Sie Anzeichen einer St\u00f6rung bemerken, wenden Sie sich an das Krankenhaus. Wenn ein Penis mehr als 3 Stunden in einem Stresszustand bleibt, k\u00f6nnen die Blutgef\u00e4\u00dfe besch\u00e4digt werden.<\/p>\n<p>K\u00f6nnen die Frauen Kamagra Polo verwenden?<\/p>\n<p>Frauen sollten Kamagra Polo in der Deutschland nicht bestellen. Das Medikament ist nur f\u00fcr die Behandlung von m\u00e4nnlichen sexuellen Problemen geeignet: Verringerung der Gr\u00f6\u00dfe des erigierten Penis, der Unf\u00e4higkeit, Geschlechtsverkehr oder Impotenz zu vollenden. Intimit\u00e4tsst\u00f6rungen bei Frauen erfordern den Einsatz von Medikamenten, die sich feiner verhalten.<\/p>\n<p>Kann man nach der Einnahme von Kamagra Polo ein Auto fahren?<\/p>\n<p>M\u00e4nner, bei denen ein Medikament eine Verminderung des Sehverm\u00f6gens und starken Schwindel verursacht, ist es nicht empfehlenswert, hinter dem Rad zu sitzen. Wenn nach Einnahme des Medikaments keine Nebenwirkungen auftreten, ist es erlaubt, das Auto und andere Fahrzeuge zu fahren.<\/p>\n<p>Kamagra Polo und Alkohol<\/p>\n<p>Die Kombination von Kamagra Polo und Alkohol sch\u00e4digt oft die Leber und das Herz-Kreislauf-System. Au\u00dferdem erh\u00f6ht Alkohol die Wahrscheinlichkeit von Nebenwirkungen und kann eine akute Lebensmittelvergiftung hervorrufen. Um negative Folgen zu vermeiden, verwenden Sie ein Medikament f\u00fcr Potenz mit Alkohol nicht mehr als einmal im Monat. Die zul\u00e4ssige Dosis von starken Getr\u00e4nken ist 100 Gramm.<\/p>\n<p>In welchen F\u00e4llen funktioniert Kamagra Polo nicht?<\/p>\n<p>Kamagra Polo stellt bei M\u00e4nnern, die nicht auf Sildenafil ansprechen, keine Erektion wieder her. Auch die Nichtbeachtung von Lagerbedingungen und die Verletzung von Anweisungen k\u00f6nnen die Wirksamkeit des Arzneimittels beeintr\u00e4chtigen. \u00dcberpr\u00fcfen Sie bitte, ob Sie Kamagra Polo richtig verwenden, bevor Sie es auf ein anderes Medikament zur Steigerung der Potenz umstellen.<\/p>\n","protected":false},"excerpt":{"rendered":"<p>Kamagra Polo ist ein universelles Potenzmittel, das f\u00fcr M\u00e4nner jeden Alters geeignet ist. Junge Leute werden die hohe Geschwindigkeit der Wirkung und die bequeme Verwendung des Medikaments sch\u00e4tzen. \u00c4ltere Bewohner der Deutschland, die an erektiler Dysfunktion leiden, k\u00f6nnen die Effizienz und niedrigste Wahrscheinlichkeit des Auftretens von Nebenwirkungen sch\u00e4tzen. Kamagra Polo bietet nicht nur die M\u00f6glichkeit, [&hellip;]<\/p>\n","protected":false},"featured_media":36,"template":"","meta":[],"product_brand":[],"product_cat":[15],"product_tag":[],"class_list":{"0":"post-35","1":"product","2":"type-product","3":"status-publish","4":"has-post-thumbnail","6":"product_cat-uncategorized","8":"first","9":"instock","10":"shipping-taxable","11":"purchasable","12":"product-type-simple"},"tiered_pricing_type":"fixed","tiered_pricing_fixed_rules":{"4":8.99,"8":7.79,"16":5.99},"tiered_pricing_product_settings":{"layout":"default","base_unit_name":{"singular":null,"plural":null},"default_variation":null},"tiered_pricing_minimum_quantity":null,"tiered_pricing_roles_data":[],"tiered_pricing_percentage_rules":[],"_links":{"self":[{"href":"https:\/\/potenzshopdeutschland.net\/index.php?rest_route=\/wp\/v2\/product\/35","targetHints":{"allow":["GET"]}}],"collection":[{"href":"https:\/\/potenzshopdeutschland.net\/index.php?rest_route=\/wp\/v2\/product"}],"about":[{"href":"https:\/\/potenzshopdeutschland.net\/index.php?rest_route=\/wp\/v2\/types\/product"}],"wp:featuredmedia":[{"embeddable":true,"href":"https:\/\/potenzshopdeutschland.net\/index.php?rest_route=\/wp\/v2\/media\/36"}],"wp:attachment":[{"href":"https:\/\/potenzshopdeutschland.net\/index.php?rest_route=%2Fwp%2Fv2%2Fmedia&parent=35"}],"wp:term":[{"taxonomy":"product_brand","embeddable":true,"href":"https:\/\/potenzshopdeutschland.net\/index.php?rest_route=%2Fwp%2Fv2%2Fproduct_brand&post=35"},{"taxonomy":"product_cat","embeddable":true,"href":"https:\/\/potenzshopdeutschland.net\/index.php?rest_route=%2Fwp%2Fv2%2Fproduct_cat&post=35"},{"taxonomy":"product_tag","embeddable":true,"href":"https:\/\/potenzshopdeutschland.net\/index.php?rest_route=%2Fwp%2Fv2%2Fproduct_tag&post=35"}],"curies":[{"name":"wp","href":"https:\/\/api.w.org\/{rel}","templated":true}]}}